{"id":574,"date":"2021-05-31T06:50:16","date_gmt":"2021-05-31T06:50:16","guid":{"rendered":"https:\/\/deventer-yves-guillaume.be\/electricite\/"},"modified":"2026-03-18T07:03:37","modified_gmt":"2026-03-18T07:03:37","slug":"electricite","status":"publish","type":"page","link":"https:\/\/deventer-yves-guillaume.be\/fr\/electricite\/","title":{"rendered":"Electricit\u00e9"},"content":{"rendered":"<style>.elementor-574 .elementor-element.elementor-element-75b0dc0:not(.elementor-motion-effects-element-type-background), .elementor-574 .elementor-element.elementor-element-75b0dc0 > .elementor-motion-effects-container > .elementor-motion-effects-layer{background-color:var( --e-global-color-primary );background-image:url(\"https:\/\/euh6kw4vaah.exactdn.com\/wp-content\/uploads\/2021\/04\/installing-or-repairing-electrical-panel.jpg?strip=all&lossy=1&ssl=1\");background-position:center center;background-size:cover;}.elementor-574 .elementor-element.elementor-element-75b0dc0 > .elementor-background-overlay{background-color:var( --e-global-color-2fef2cb );opacity:0.5;transition:background 0.3s, border-radius 0.3s, opacity 0.3s;}.elementor-574 .elementor-element.elementor-element-75b0dc0 > .elementor-container{min-height:40vh;}.elementor-574 .elementor-element.elementor-element-75b0dc0{transition:background 0.3s, border 0.3s, border-radius 0.3s, box-shadow 0.3s;}.elementor-bc-flex-widget .elementor-574 .elementor-element.elementor-element-773d954a.elementor-column .elementor-widget-wrap{align-items:center;}.elementor-574 .elementor-element.elementor-element-773d954a.elementor-column.elementor-element[data-element_type=\"column\"] > .elementor-widget-wrap.elementor-element-populated{align-content:center;align-items:center;}.elementor-574 .elementor-element.elementor-element-773d954a > .elementor-widget-wrap > .elementor-widget:not(.elementor-widget__width-auto):not(.elementor-widget__width-initial):not(:last-child):not(.elementor-absolute){margin-bottom:3px;}.elementor-574 .elementor-element.elementor-element-773d954a > .elementor-element-populated{padding:1em 1em 1em 1em;}.elementor-574 .elementor-element.elementor-element-43be8d5 .elementor-heading-title{font-size:60px;color:var( --e-global-color-28c00fb );}.elementor-574 .elementor-element.elementor-element-3bfeceed{padding:5em 1em 5em 1em;}.elementor-574 .elementor-element.elementor-element-1e9274b7 > .elementor-widget-wrap > .elementor-widget:not(.elementor-widget__width-auto):not(.elementor-widget__width-initial):not(:last-child):not(.elementor-absolute){margin-bottom:3px;}.elementor-574 .elementor-element.elementor-element-1e9274b7 > .elementor-element-populated{padding:1em 1em 1em 1em;}.elementor-574 .elementor-element.elementor-element-5e27c747{--spacer-size:10px;}.elementor-574 .elementor-element.elementor-element-69babbfd{--divider-border-style:double;--divider-color:var( --e-global-color-a626460 );--divider-border-width:5px;width:auto;max-width:auto;}.elementor-574 .elementor-element.elementor-element-69babbfd > .elementor-widget-container{margin:0px 0px 0px -18px;border-style:solid;border-width:3px 0px 0px 3px;border-color:var( --e-global-color-primary );}.elementor-574 .elementor-element.elementor-element-69babbfd .elementor-divider-separator{width:70px;}.elementor-574 .elementor-element.elementor-element-69babbfd .elementor-divider{padding-block-start:7px;padding-block-end:7px;}.elementor-574 .elementor-element.elementor-element-7b9729f1 > .elementor-widget-container{margin:0px 0px 8px 0px;}.elementor-574 .elementor-element.elementor-element-7b9729f1 .elementor-heading-title{font-size:38px;font-weight:500;color:var( --e-global-color-text );}.elementor-574 .elementor-element.elementor-element-2d6f34a{font-family:var( --e-global-typography-b177e32-font-family ), Sans-serif;font-size:var( --e-global-typography-b177e32-font-size );font-weight:var( --e-global-typography-b177e32-font-weight );color:var( --e-global-color-primary );}.elementor-574 .elementor-element.elementor-element-20e7129b{--spacer-size:10px;}.elementor-574 .elementor-element.elementor-element-4be07b99{font-size:16px;line-height:1.6em;color:var( --e-global-color-text );}.elementor-574 .elementor-element.elementor-element-3cf18a21{--spacer-size:30px;}.elementor-574 .elementor-element.elementor-element-29870901 > .elementor-element-populated{padding:1em 1em 1em 1em;}.elementor-574 .elementor-element.elementor-element-2865b9b8 > .elementor-widget-container{padding:0em 3em 1em 0em;}.elementor-574 .elementor-element.elementor-element-19df2412{width:var( --container-widget-width, 327px );max-width:327px;--container-widget-width:327px;--container-widget-flex-grow:0;top:98px;}body:not(.rtl) .elementor-574 .elementor-element.elementor-element-19df2412{left:311px;}body.rtl .elementor-574 .elementor-element.elementor-element-19df2412{right:311px;}.elementor-574 .elementor-element.elementor-element-19df2412 > .elementor-widget-container{border-style:solid;border-width:20px 20px 20px 20px;border-color:#FFFFFF;}.elementor-574 .elementor-element.elementor-element-8779591 > .elementor-background-overlay{background-color:var( --e-global-color-primary );opacity:1;transition:background 0.3s, border-radius 0.3s, opacity 0.3s;}.elementor-574 .elementor-element.elementor-element-8779591:not(.elementor-motion-effects-element-type-background), .elementor-574 .elementor-element.elementor-element-8779591 > .elementor-motion-effects-container > .elementor-motion-effects-layer{background-position:center center;background-size:cover;}.elementor-574 .elementor-element.elementor-element-8779591{transition:background 0.3s, border 0.3s, border-radius 0.3s, box-shadow 0.3s;padding:3em 1em 2em 1em;}.elementor-bc-flex-widget .elementor-574 .elementor-element.elementor-element-8ee643d.elementor-column .elementor-widget-wrap{align-items:center;}.elementor-574 .elementor-element.elementor-element-8ee643d.elementor-column.elementor-element[data-element_type=\"column\"] > .elementor-widget-wrap.elementor-element-populated{align-content:center;align-items:center;}.elementor-574 .elementor-element.elementor-element-8ee643d > .elementor-widget-wrap > .elementor-widget:not(.elementor-widget__width-auto):not(.elementor-widget__width-initial):not(:last-child):not(.elementor-absolute){margin-bottom:3px;}.elementor-574 .elementor-element.elementor-element-8ee643d > .elementor-element-populated{padding:1em 1em 1em 1em;}.elementor-574 .elementor-element.elementor-element-7757fef{--divider-border-style:double;--divider-color:var( --e-global-color-a626460 );--divider-border-width:5px;width:auto;max-width:auto;}.elementor-574 .elementor-element.elementor-element-7757fef > .elementor-widget-container{margin:0px 0px 0px -18px;border-style:solid;border-width:3px 0px 0px 3px;border-color:var( --e-global-color-28c00fb );}.elementor-574 .elementor-element.elementor-element-7757fef .elementor-divider-separator{width:70px;}.elementor-574 .elementor-element.elementor-element-7757fef .elementor-divider{padding-block-start:7px;padding-block-end:7px;}.elementor-574 .elementor-element.elementor-element-f4b5794 .elementor-heading-title{font-size:46px;font-weight:500;color:var( --e-global-color-28c00fb );}.elementor-574 .elementor-element.elementor-element-8a9c0c4 > .elementor-widget-container{margin:0px 80px 0px 0px;}.elementor-574 .elementor-element.elementor-element-8a9c0c4{font-size:18px;color:var( --e-global-color-28c00fb );}.elementor-bc-flex-widget .elementor-574 .elementor-element.elementor-element-fe1e8ab.elementor-column .elementor-widget-wrap{align-items:flex-start;}.elementor-574 .elementor-element.elementor-element-fe1e8ab.elementor-column.elementor-element[data-element_type=\"column\"] > .elementor-widget-wrap.elementor-element-populated{align-content:flex-start;align-items:flex-start;}.elementor-574 .elementor-element.elementor-element-fe1e8ab > .elementor-widget-wrap > .elementor-widget:not(.elementor-widget__width-auto):not(.elementor-widget__width-initial):not(:last-child):not(.elementor-absolute){margin-bottom:3px;}.elementor-574 .elementor-element.elementor-element-fe1e8ab > .elementor-element-populated{padding:1em 1em 1em 1em;}.elementor-574 .elementor-element.elementor-element-a86265b{--spacer-size:30px;}.elementor-574 .elementor-element.elementor-element-1767d68 .elementor-button{background-color:var( --e-global-color-28c00fb );font-size:18px;font-weight:500;fill:var( --e-global-color-2fef2cb );color:var( --e-global-color-2fef2cb );}.elementor-574 .elementor-element.elementor-element-1767d68 .elementor-button:hover, .elementor-574 .elementor-element.elementor-element-1767d68 .elementor-button:focus{background-color:var( --e-global-color-accent );color:var( --e-global-color-28c00fb );}.elementor-574 .elementor-element.elementor-element-1767d68 .elementor-button-content-wrapper{flex-direction:row-reverse;}.elementor-574 .elementor-element.elementor-element-1767d68 .elementor-button .elementor-button-content-wrapper{gap:15px;}.elementor-574 .elementor-element.elementor-element-1767d68 .elementor-button:hover svg, .elementor-574 .elementor-element.elementor-element-1767d68 .elementor-button:focus svg{fill:var( --e-global-color-28c00fb );}@media(max-width:1024px) and (min-width:768px){.elementor-574 .elementor-element.elementor-element-1e9274b7{width:100%;}.elementor-574 .elementor-element.elementor-element-29870901{width:100%;}.elementor-574 .elementor-element.elementor-element-8ee643d{width:100%;}.elementor-574 .elementor-element.elementor-element-fe1e8ab{width:100%;}}@media(max-width:1024px){.elementor-574 .elementor-element.elementor-element-43be8d5{text-align:center;}.elementor-574 .elementor-element.elementor-element-3bfeceed{padding:0px 50px 40px 50px;}.elementor-574 .elementor-element.elementor-element-1e9274b7 > .elementor-element-populated{padding:0px 0px 0px 0px;}.elementor-574 .elementor-element.elementor-element-5e27c747{--spacer-size:80px;}.elementor-574 .elementor-element.elementor-element-7b9729f1{text-align:center;}.elementor-574 .elementor-element.elementor-element-2d6f34a{text-align:center;font-size:var( --e-global-typography-b177e32-font-size );}.elementor-574 .elementor-element.elementor-element-4be07b99{text-align:center;}.elementor-574 .elementor-element.elementor-element-29870901 > .elementor-element-populated{padding:0px 0px 0px 0px;}body:not(.rtl) .elementor-574 .elementor-element.elementor-element-19df2412{left:333px;}body.rtl .elementor-574 .elementor-element.elementor-element-19df2412{right:333px;}.elementor-574 .elementor-element.elementor-element-19df2412{top:82px;}.elementor-574 .elementor-element.elementor-element-8779591{padding:50px 50px 50px 50px;}.elementor-574 .elementor-element.elementor-element-8ee643d > .elementor-element-populated{padding:0px 0px 0px 0px;}.elementor-574 .elementor-element.elementor-element-f4b5794{text-align:center;}.elementor-574 .elementor-element.elementor-element-8a9c0c4 > .elementor-widget-container{margin:0px 0px 0px 0px;}.elementor-574 .elementor-element.elementor-element-8a9c0c4{text-align:center;}}@media(max-width:767px){.elementor-574 .elementor-element.elementor-element-43be8d5 .elementor-heading-title{font-size:32px;}.elementor-574 .elementor-element.elementor-element-3bfeceed{padding:0px 15px 0px 15px;}.elementor-574 .elementor-element.elementor-element-5e27c747{--spacer-size:50px;}.elementor-574 .elementor-element.elementor-element-69babbfd > .elementor-widget-container{margin:0px 0px 0px 0px;}.elementor-574 .elementor-element.elementor-element-7b9729f1 .elementor-heading-title{font-size:28px;}.elementor-574 .elementor-element.elementor-element-2d6f34a{font-size:var( --e-global-typography-b177e32-font-size );}.elementor-574 .elementor-element.elementor-element-2865b9b8 > .elementor-widget-container{padding:0em 2em 2em 0em;}.elementor-574 .elementor-element.elementor-element-19df2412{width:var( --container-widget-width, 117px );max-width:117px;--container-widget-width:117px;--container-widget-flex-grow:0;top:66px;}body:not(.rtl) .elementor-574 .elementor-element.elementor-element-19df2412{left:193px;}body.rtl .elementor-574 .elementor-element.elementor-element-19df2412{right:193px;}.elementor-574 .elementor-element.elementor-element-8779591{padding:30px 15px 15px 15px;}.elementor-574 .elementor-element.elementor-element-7757fef > .elementor-widget-container{margin:0px 0px 0px 0px;}.elementor-574 .elementor-element.elementor-element-f4b5794{text-align:center;}.elementor-574 .elementor-element.elementor-element-f4b5794 .elementor-heading-title{font-size:28px;}.elementor-574 .elementor-element.elementor-element-a86265b{--spacer-size:0px;}}<\/style>\t\t<div data-elementor-type=\"wp-page\" data-elementor-id=\"574\" class=\"elementor elementor-574 elementor-159\" data-elementor-post-type=\"page\">\n\t\t\t\t\t\t<section class=\"elementor-section elementor-top-section elementor-element elementor-element-75b0dc0 elementor-section-height-min-height elementor-section-boxed elementor-section-height-default elementor-section-items-middle\" data-id=\"75b0dc0\" data-element_type=\"section\" data-settings=\"{&quot;background_background&quot;:&quot;classic&quot;}\">\n\t\t\t\t\t\t\t<div class=\"elementor-background-overlay\"><\/div>\n\t\t\t\t\t\t\t<div class=\"elementor-container elementor-column-gap-default\">\n\t\t\t\t\t<div class=\"elementor-column elementor-col-100 elementor-top-column elementor-element elementor-element-773d954a\" data-id=\"773d954a\" data-element_type=\"column\">\n\t\t\t<div class=\"elementor-widget-wrap elementor-element-populated\">\n\t\t\t\t\t\t\t<\/div>\n\t\t<\/div>\n\t\t\t\t\t<\/div>\n\t\t<\/section>\n\t\t\t\t<section class=\"elementor-section elementor-top-section elementor-element elementor-element-3bfeceed elementor-section-boxed elementor-section-height-default elementor-section-height-default\" data-id=\"3bfeceed\" data-element_type=\"section\">\n\t\t\t\t\t\t<div class=\"elementor-container elementor-column-gap-default\">\n\t\t\t\t\t<div class=\"elementor-column elementor-col-50 elementor-top-column elementor-element elementor-element-1e9274b7\" data-id=\"1e9274b7\" data-element_type=\"column\">\n\t\t\t<div class=\"elementor-widget-wrap elementor-element-populated\">\n\t\t\t\t\t\t<div class=\"elementor-element elementor-element-5e27c747 elementor-widget elementor-widget-spacer\" data-id=\"5e27c747\" data-element_type=\"widget\" data-widget_type=\"spacer.default\">\n\t\t\t\t<div class=\"elementor-widget-container\">\n\t\t\t\t\t\t\t<div class=\"elementor-spacer\">\n\t\t\t<div class=\"elementor-spacer-inner\"><\/div>\n\t\t<\/div>\n\t\t\t\t\t\t<\/div>\n\t\t\t\t<\/div>\n\t\t\t\t<div class=\"elementor-element elementor-element-69babbfd elementor-widget__width-auto elementor-widget-divider--view-line elementor-widget elementor-widget-divider\" data-id=\"69babbfd\" data-element_type=\"widget\" data-widget_type=\"divider.default\">\n\t\t\t\t<div class=\"elementor-widget-container\">\n\t\t\t\t\t\t\t<div class=\"elementor-divider\">\n\t\t\t<span class=\"elementor-divider-separator\">\n\t\t\t\t\t\t<\/span>\n\t\t<\/div>\n\t\t\t\t\t\t<\/div>\n\t\t\t\t<\/div>\n\t\t\t\t<div class=\"elementor-element elementor-element-7b9729f1 elementor-widget elementor-widget-heading\" data-id=\"7b9729f1\" data-element_type=\"widget\" data-widget_type=\"heading.default\">\n\t\t\t\t<div class=\"elementor-widget-container\">\n\t\t\t\t\t<h3 class=\"elementor-heading-title elementor-size-default\">Travaux \u00e9lectriques s\u00fbrs et efficaces\n<\/h3>\t\t\t\t<\/div>\n\t\t\t\t<\/div>\n\t\t\t\t<div class=\"elementor-element elementor-element-2d6f34a elementor-widget elementor-widget-text-editor\" data-id=\"2d6f34a\" data-element_type=\"widget\" data-widget_type=\"text-editor.default\">\n\t\t\t\t<div class=\"elementor-widget-container\">\n\t\t\t\t\t\t\t\t\t<p>De l&rsquo;\u00e9clairage aux contr\u00f4les techniques<\/p>\t\t\t\t\t\t\t\t<\/div>\n\t\t\t\t<\/div>\n\t\t\t\t<div class=\"elementor-element elementor-element-20e7129b elementor-widget elementor-widget-spacer\" data-id=\"20e7129b\" data-element_type=\"widget\" data-widget_type=\"spacer.default\">\n\t\t\t\t<div class=\"elementor-widget-container\">\n\t\t\t\t\t\t\t<div class=\"elementor-spacer\">\n\t\t\t<div class=\"elementor-spacer-inner\"><\/div>\n\t\t<\/div>\n\t\t\t\t\t\t<\/div>\n\t\t\t\t<\/div>\n\t\t\t\t<div class=\"elementor-element elementor-element-4be07b99 elementor-widget elementor-widget-text-editor\" data-id=\"4be07b99\" data-element_type=\"widget\" data-widget_type=\"text-editor.default\">\n\t\t\t\t<div class=\"elementor-widget-container\">\n\t\t\t\t\t\t\t\t\t<div class=\"module text\"><p><span style=\"font-weight: 400;\">Guillaume Deventer est un v\u00e9ritable <\/span><span style=\"font-weight: 400;\">expert en<\/span> <b>travaux \u00e9lectriques<\/b><span style=\"font-weight: 400;\">. Avec plus de <\/span><span style=\"font-weight: 400;\">dix ans d&rsquo;exp\u00e9rience<\/span><span style=\"font-weight: 400;\">, il sait exactement comment aborder votre projet. Il installe <\/span><b>l&rsquo;\u00e9clairage (int\u00e9rieur et ext\u00e9rieur)<\/b><span style=\"font-weight: 400;\"> et les <\/span><span style=\"font-weight: 400;\">appareils \u00e9lectriques <\/span><span style=\"font-weight: 400;\">tels que les syst\u00e8mes d&rsquo;alarme et est \u00e9galement responsable des <\/span><b>contr\u00f4les <\/b><span style=\"font-weight: 400;\">d&rsquo;\u00e9lectricit\u00e9<\/span><span style=\"font-weight: 400;\">.<\/span><\/p><p><span style=\"font-weight: 400;\">Il effectue des <\/span><b>r\u00e9novations<\/b><span style=\"font-weight: 400;\"> et des <\/span><b>r\u00e9parations<\/b><span style=\"font-weight: 400;\"> en un clin d&rsquo;\u0153il. <\/span><span style=\"font-weight: 400;\">Envisagez-vous <\/span><span style=\"font-weight: 400;\">une <\/span><b>r\u00e9novation totale<\/b><span style=\"font-weight: 400;\"> de votre \u00e9lectricit\u00e9 ? Guillaume aime s&rsquo;asseoir avec vous pour discuter des possibilit\u00e9s <\/span><span style=\"font-weight: 400;\">et \u00e9tablir une <\/span><a href=\"\/fr\/contact\/\"><b>offre<\/b><\/a><span style=\"font-weight: 400;\">.<\/span><\/p><\/div>\t\t\t\t\t\t\t\t<\/div>\n\t\t\t\t<\/div>\n\t\t\t\t<div class=\"elementor-element elementor-element-3cf18a21 elementor-widget elementor-widget-spacer\" data-id=\"3cf18a21\" data-element_type=\"widget\" data-widget_type=\"spacer.default\">\n\t\t\t\t<div class=\"elementor-widget-container\">\n\t\t\t\t\t\t\t<div class=\"elementor-spacer\">\n\t\t\t<div class=\"elementor-spacer-inner\"><\/div>\n\t\t<\/div>\n\t\t\t\t\t\t<\/div>\n\t\t\t\t<\/div>\n\t\t\t\t\t<\/div>\n\t\t<\/div>\n\t\t\t\t<div class=\"elementor-column elementor-col-50 elementor-top-column elementor-element elementor-element-29870901\" data-id=\"29870901\" data-element_type=\"column\">\n\t\t\t<div class=\"elementor-widget-wrap elementor-element-populated\">\n\t\t\t\t\t\t<div class=\"elementor-element elementor-element-2865b9b8 elementor-widget elementor-widget-image\" data-id=\"2865b9b8\" data-element_type=\"widget\" data-widget_type=\"image.default\">\n\t\t\t\t<div class=\"elementor-widget-container\">\n\t\t\t\t\t\t\t\t\t\t\t\t\t\t\t<img fetchpriority=\"high\" decoding=\"async\" width=\"671\" height=\"671\" src=\"https:\/\/euh6kw4vaah.exactdn.com\/wp-content\/uploads\/2021\/04\/g2_1.jpg?strip=all&amp;lossy=1&amp;ssl=1\" class=\"attachment-large size-large wp-image-615\" alt=\"elektriciteitskast\" srcset=\"https:\/\/euh6kw4vaah.exactdn.com\/wp-content\/uploads\/2021\/04\/g2_1.jpg?strip=all&amp;lossy=1&amp;ssl=1 671w, https:\/\/euh6kw4vaah.exactdn.com\/wp-content\/uploads\/2021\/04\/g2_1-300x300.jpg?strip=all&amp;lossy=1&amp;ssl=1 300w, https:\/\/euh6kw4vaah.exactdn.com\/wp-content\/uploads\/2021\/04\/g2_1-150x150.jpg?strip=all&amp;lossy=1&amp;ssl=1 150w, https:\/\/euh6kw4vaah.exactdn.com\/wp-content\/uploads\/2021\/04\/g2_1.jpg?strip=all&amp;lossy=1&amp;w=402&amp;ssl=1 402w, https:\/\/euh6kw4vaah.exactdn.com\/wp-content\/uploads\/2021\/04\/g2_1.jpg?strip=all&amp;lossy=1&amp;w=536&amp;ssl=1 536w\" sizes=\"(max-width: 671px) 100vw, 671px\" title=\"\">\t\t\t\t\t\t\t\t\t\t\t\t\t\t\t<\/div>\n\t\t\t\t<\/div>\n\t\t\t\t<div class=\"elementor-element elementor-element-19df2412 elementor-widget__width-initial elementor-absolute elementor-widget-mobile__width-initial elementor-widget elementor-widget-image\" data-id=\"19df2412\" data-element_type=\"widget\" data-settings=\"{&quot;_position&quot;:&quot;absolute&quot;}\" data-widget_type=\"image.default\">\n\t\t\t\t<div class=\"elementor-widget-container\">\n\t\t\t\t\t\t\t\t\t\t\t\t\t\t\t<img decoding=\"async\" width=\"290\" height=\"448\" src=\"https:\/\/euh6kw4vaah.exactdn.com\/wp-content\/uploads\/2021\/04\/p3_1.png?strip=all&amp;lossy=1&amp;ssl=1\" class=\"attachment-full size-full wp-image-612\" alt=\"Werknemer\" srcset=\"https:\/\/euh6kw4vaah.exactdn.com\/wp-content\/uploads\/2021\/04\/p3_1.png?strip=all&amp;lossy=1&amp;ssl=1 290w, https:\/\/euh6kw4vaah.exactdn.com\/wp-content\/uploads\/2021\/04\/p3_1-194x300.png?strip=all&amp;lossy=1&amp;ssl=1 194w, https:\/\/euh6kw4vaah.exactdn.com\/wp-content\/uploads\/2021\/04\/p3_1.png?strip=all&amp;lossy=1&amp;w=58&amp;ssl=1 58w, https:\/\/euh6kw4vaah.exactdn.com\/wp-content\/uploads\/2021\/04\/p3_1.png?strip=all&amp;lossy=1&amp;w=116&amp;ssl=1 116w\" sizes=\"(max-width: 290px) 100vw, 290px\" title=\"\">\t\t\t\t\t\t\t\t\t\t\t\t\t\t\t<\/div>\n\t\t\t\t<\/div>\n\t\t\t\t\t<\/div>\n\t\t<\/div>\n\t\t\t\t\t<\/div>\n\t\t<\/section>\n\t\t\t\t<section class=\"elementor-section elementor-top-section elementor-element elementor-element-8779591 elementor-section-boxed elementor-section-height-default elementor-section-height-default\" data-id=\"8779591\" data-element_type=\"section\" data-settings=\"{&quot;background_background&quot;:&quot;classic&quot;}\">\n\t\t\t\t\t\t\t<div class=\"elementor-background-overlay\"><\/div>\n\t\t\t\t\t\t\t<div class=\"elementor-container elementor-column-gap-default\">\n\t\t\t\t\t<div class=\"elementor-column elementor-col-66 elementor-top-column elementor-element elementor-element-8ee643d\" data-id=\"8ee643d\" data-element_type=\"column\">\n\t\t\t<div class=\"elementor-widget-wrap elementor-element-populated\">\n\t\t\t\t\t\t<div class=\"elementor-element elementor-element-7757fef elementor-widget__width-auto elementor-widget-divider--view-line elementor-widget elementor-widget-divider\" data-id=\"7757fef\" data-element_type=\"widget\" data-widget_type=\"divider.default\">\n\t\t\t\t<div class=\"elementor-widget-container\">\n\t\t\t\t\t\t\t<div class=\"elementor-divider\">\n\t\t\t<span class=\"elementor-divider-separator\">\n\t\t\t\t\t\t<\/span>\n\t\t<\/div>\n\t\t\t\t\t\t<\/div>\n\t\t\t\t<\/div>\n\t\t\t\t<div class=\"elementor-element elementor-element-f4b5794 elementor-widget elementor-widget-heading\" data-id=\"f4b5794\" data-element_type=\"widget\" data-widget_type=\"heading.default\">\n\t\t\t\t<div class=\"elementor-widget-container\">\n\t\t\t\t\t<h3 class=\"elementor-heading-title elementor-size-default\">Vous avez besoin d'un \u00e9lectricien de confiance ?<\/h3>\t\t\t\t<\/div>\n\t\t\t\t<\/div>\n\t\t\t\t<div class=\"elementor-element elementor-element-8a9c0c4 elementor-widget elementor-widget-text-editor\" data-id=\"8a9c0c4\" data-element_type=\"widget\" data-widget_type=\"text-editor.default\">\n\t\t\t\t<div class=\"elementor-widget-container\">\n\t\t\t\t\t\t\t\t\t<p>Guillaume se fera un plaisir de vous rendre visite !<\/p>\n\t\t\t\t\t\t\t\t<\/div>\n\t\t\t\t<\/div>\n\t\t\t\t\t<\/div>\n\t\t<\/div>\n\t\t\t\t<div class=\"elementor-column elementor-col-33 elementor-top-column elementor-element elementor-element-fe1e8ab\" data-id=\"fe1e8ab\" data-element_type=\"column\">\n\t\t\t<div class=\"elementor-widget-wrap elementor-element-populated\">\n\t\t\t\t\t\t<div class=\"elementor-element elementor-element-a86265b elementor-widget elementor-widget-spacer\" data-id=\"a86265b\" data-element_type=\"widget\" data-widget_type=\"spacer.default\">\n\t\t\t\t<div class=\"elementor-widget-container\">\n\t\t\t\t\t\t\t<div class=\"elementor-spacer\">\n\t\t\t<div class=\"elementor-spacer-inner\"><\/div>\n\t\t<\/div>\n\t\t\t\t\t\t<\/div>\n\t\t\t\t<\/div>\n\t\t\t\t<div class=\"elementor-element elementor-element-1767d68 elementor-align-right elementor-mobile-align-center elementor-tablet-align-center elementor-widget elementor-widget-button\" data-id=\"1767d68\" data-element_type=\"widget\" data-widget_type=\"button.default\">\n\t\t\t\t<div class=\"elementor-widget-container\">\n\t\t\t\t\t\t\t\t\t<div class=\"elementor-button-wrapper\">\n\t\t\t\t\t<a class=\"elementor-button elementor-button-link elementor-size-md\" href=\"\/fr\/contact\/\">\n\t\t\t\t\t\t<span class=\"elementor-button-content-wrapper\">\n\t\t\t\t\t\t<span class=\"elementor-button-icon\">\n\t\t\t\t<i aria-hidden=\"true\" class=\"fas fa-long-arrow-alt-right\"><\/i>\t\t\t<\/span>\n\t\t\t\t\t\t\t\t\t<span class=\"elementor-button-text\">Je veux une offre<\/span>\n\t\t\t\t\t<\/span>\n\t\t\t\t\t<\/a>\n\t\t\t\t<\/div>\n\t\t\t\t\t\t\t\t<\/div>\n\t\t\t\t<\/div>\n\t\t\t\t\t<\/div>\n\t\t<\/div>\n\t\t\t\t\t<\/div>\n\t\t<\/section>\n\t\t\t\t<\/div>\n\t\t","protected":false},"excerpt":{"rendered":"<p>Travaux \u00e9lectriques s\u00fbrs et efficaces De l&rsquo;\u00e9clairage aux contr\u00f4les techniques Guillaume Deventer est un v\u00e9ritable expert en travaux \u00e9lectriques. Avec plus de dix ans d&rsquo;exp\u00e9rience, il sait exactement comment aborder votre projet. Il installe l&rsquo;\u00e9clairage (int\u00e9rieur et ext\u00e9rieur) et les appareils \u00e9lectriques tels que les syst\u00e8mes d&rsquo;alarme et est \u00e9galement responsable des contr\u00f4les d&rsquo;\u00e9lectricit\u00e9. Il [&hellip;]<\/p>\n","protected":false},"author":1,"featured_media":0,"parent":0,"menu_order":0,"comment_status":"closed","ping_status":"closed","template":"elementor_header_footer","meta":{"footnotes":""},"class_list":["post-574","page","type-page","status-publish","hentry"],"_links":{"self":[{"href":"https:\/\/deventer-yves-guillaume.be\/fr\/wp-json\/wp\/v2\/pages\/574","targetHints":{"allow":["GET"]}}],"collection":[{"href":"https:\/\/deventer-yves-guillaume.be\/fr\/wp-json\/wp\/v2\/pages"}],"about":[{"href":"https:\/\/deventer-yves-guillaume.be\/fr\/wp-json\/wp\/v2\/types\/page"}],"author":[{"embeddable":true,"href":"https:\/\/deventer-yves-guillaume.be\/fr\/wp-json\/wp\/v2\/users\/1"}],"replies":[{"embeddable":true,"href":"https:\/\/deventer-yves-guillaume.be\/fr\/wp-json\/wp\/v2\/comments?post=574"}],"version-history":[{"count":11,"href":"https:\/\/deventer-yves-guillaume.be\/fr\/wp-json\/wp\/v2\/pages\/574\/revisions"}],"predecessor-version":[{"id":893,"href":"https:\/\/deventer-yves-guillaume.be\/fr\/wp-json\/wp\/v2\/pages\/574\/revisions\/893"}],"wp:attachment":[{"href":"https:\/\/deventer-yves-guillaume.be\/fr\/wp-json\/wp\/v2\/media?parent=574"}],"curies":[{"name":"wp","href":"https:\/\/api.w.org\/{rel}","templated":true}]}}